{"id":102015,"date":"2025-12-02T12:47:35","date_gmt":"2025-12-02T12:47:35","guid":{"rendered":"https:\/\/renovator.shop\/?post_type=product&#038;p=102015"},"modified":"2025-12-02T12:48:21","modified_gmt":"2025-12-02T12:48:21","slug":"j39-folkchairs-chairs-by-borge-mogensen-for-fdb-mobler-denmark-1960s-set-of-6","status":"publish","type":"product","link":"https:\/\/renovator.shop\/en\/produkt\/j39-folkchairs-chairs-by-borge-mogensen-for-fdb-mobler-denmark-1960s-set-of-6\/","title":{"rendered":"J39 Folkchairs Chairs by B\u00f8rge Mogensen for FDB M\u00f8bler, Denmark, 1960s, Set of 6"},"content":{"rendered":"","protected":false},"excerpt":{"rendered":"<p>A set of six Model J39 dining chairs designed by one of the most important Danish designers B\u00f8rge Mogensen for FDB M\u00f8bler in 1947. The J39 chair, also known as &#8220;Folkestol&#8221;, was designed by B\u00f8rge when he was head of the design studio at FDB in the 1940s. Chairs manufactured in the 1960s.<\/p>\n<p>Chairs made of beech wood, completely renovated, cleaned of the old surface, painted oak stain and finished with stronq semi matt varnish. Woven seats in very good original condition.<\/p>\n","protected":false},"featured_media":100596,"template":"","meta":{"_acf_changed":false,"_monsterinsights_skip_tracking":false,"_monsterinsights_sitenote_active":false,"_monsterinsights_sitenote_note":"","_monsterinsights_sitenote_category":0},"product_brand":[],"product_cat":[35,93],"product_tag":[],"class_list":{"0":"post-102015","1":"product","2":"type-product","3":"status-publish","4":"has-post-thumbnail","6":"product_cat-chairs","7":"product_cat-chairs-en","8":"product_shipping_class-kw3-en","10":"first","11":"instock","12":"shipping-taxable","13":"purchasable","14":"product-type-simple"},"acf":[],"aioseo_notices":[],"_links":{"self":[{"href":"https:\/\/renovator.shop\/en\/wp-json\/wp\/v2\/product\/102015","targetHints":{"allow":["GET"]}}],"collection":[{"href":"https:\/\/renovator.shop\/en\/wp-json\/wp\/v2\/product"}],"about":[{"href":"https:\/\/renovator.shop\/en\/wp-json\/wp\/v2\/types\/product"}],"wp:featuredmedia":[{"embeddable":true,"href":"https:\/\/renovator.shop\/en\/wp-json\/wp\/v2\/media\/100596"}],"wp:attachment":[{"href":"https:\/\/renovator.shop\/en\/wp-json\/wp\/v2\/media?parent=102015"}],"wp:term":[{"taxonomy":"product_brand","embeddable":true,"href":"https:\/\/renovator.shop\/en\/wp-json\/wp\/v2\/product_brand?post=102015"},{"taxonomy":"product_cat","embeddable":true,"href":"https:\/\/renovator.shop\/en\/wp-json\/wp\/v2\/product_cat?post=102015"},{"taxonomy":"product_tag","embeddable":true,"href":"https:\/\/renovator.shop\/en\/wp-json\/wp\/v2\/product_tag?post=102015"}],"curies":[{"name":"wp","href":"https:\/\/api.w.org\/{rel}","templated":true}]}}