{"id":23423,"date":"2020-12-31T06:55:30","date_gmt":"2020-12-31T06:55:30","guid":{"rendered":"https:\/\/renovator.shop\/?post_type=product&#038;p=23423"},"modified":"2022-07-05T06:28:41","modified_gmt":"2022-07-05T06:28:41","slug":"danish-teak-desk-by-borge-mogensen-soborg-furniture-1960s","status":"publish","type":"product","link":"https:\/\/renovator.shop\/en\/produkt\/danish-teak-desk-by-borge-mogensen-soborg-furniture-1960s\/","title":{"rendered":"Danish Teak Desk by B\u00f8rge Mogensen S\u00f8borg Furniture, 1960s"},"content":{"rendered":"","protected":false},"excerpt":{"rendered":"<p>EN<\/p>\n<p>Mid Centure teak desk designed by B\u00f8rge Mogensen for S\u00f8borg M\u00f8belfabrik in Denmark in the 1960s. The desk contains five drawers, in two modules, on the left two and on the right three . Completely restored. Elements made of teak wood have been cleaned and painted in an oak mortar and polished with varnish.<\/p>\n<hr \/>\n<p><b>Materials: <\/b>teak wood<\/p>\n<p><b>Style: <\/b>Mid-century modern, Scandinavian<\/p>\n<p><b>Dimensions: <\/b> Width 146cm, Height 74cm, Depth 73cm<\/p>\n<p>EN<\/p>\n","protected":false},"featured_media":23433,"template":"","meta":{"_acf_changed":false,"_monsterinsights_skip_tracking":false,"_monsterinsights_sitenote_active":false,"_monsterinsights_sitenote_note":"","_monsterinsights_sitenote_category":0},"product_brand":[],"product_cat":[101,100],"product_tag":[],"class_list":{"0":"post-23423","1":"product","2":"type-product","3":"status-publish","4":"has-post-thumbnail","6":"product_cat-desks-and-dressing-tables","7":"product_cat-tables-and-desks","8":"product_shipping_class-kw3-en","10":"first","11":"instock","12":"sale","13":"sold-individually","14":"shipping-taxable","15":"purchasable","16":"product-type-simple"},"acf":[],"aioseo_notices":[],"_links":{"self":[{"href":"https:\/\/renovator.shop\/en\/wp-json\/wp\/v2\/product\/23423","targetHints":{"allow":["GET"]}}],"collection":[{"href":"https:\/\/renovator.shop\/en\/wp-json\/wp\/v2\/product"}],"about":[{"href":"https:\/\/renovator.shop\/en\/wp-json\/wp\/v2\/types\/product"}],"wp:featuredmedia":[{"embeddable":true,"href":"https:\/\/renovator.shop\/en\/wp-json\/wp\/v2\/media\/23433"}],"wp:attachment":[{"href":"https:\/\/renovator.shop\/en\/wp-json\/wp\/v2\/media?parent=23423"}],"wp:term":[{"taxonomy":"product_brand","embeddable":true,"href":"https:\/\/renovator.shop\/en\/wp-json\/wp\/v2\/product_brand?post=23423"},{"taxonomy":"product_cat","embeddable":true,"href":"https:\/\/renovator.shop\/en\/wp-json\/wp\/v2\/product_cat?post=23423"},{"taxonomy":"product_tag","embeddable":true,"href":"https:\/\/renovator.shop\/en\/wp-json\/wp\/v2\/product_tag?post=23423"}],"curies":[{"name":"wp","href":"https:\/\/api.w.org\/{rel}","templated":true}]}}