{"id":65154,"date":"2023-07-20T09:50:05","date_gmt":"2023-07-20T09:50:05","guid":{"rendered":"https:\/\/renovator.shop\/?post_type=product&#038;p=65154"},"modified":"2023-07-20T09:51:31","modified_gmt":"2023-07-20T09:51:31","slug":"mid-century-teak-dining-chairs-by-johannes-norgaard-for-norgaards-mobelfabrik-1960s-set-of-6","status":"publish","type":"product","link":"https:\/\/renovator.shop\/en\/produkt\/mid-century-teak-dining-chairs-by-johannes-norgaard-for-norgaards-mobelfabrik-1960s-set-of-6\/","title":{"rendered":"Mid Century Teak Dining Chairs by Johannes N\u00f8rgaard for N\u00f8rgaards M\u00f8belfabrik, 1960s, Set of 6"},"content":{"rendered":"","protected":false},"excerpt":{"rendered":"<p>A set of six teak dining chairs by Johannes N\u00f8rgaard for N\u00f8rgaards M\u00f8belfabrik from the 1960s. Very elegant, modern mid-century teak chairs with a contoured shape. High-quality materials and woodwork. The teak elements have been cleaned from the old surface and polished with Danish oil. The interior was replaced and covered with high-quality white fabric.<\/p>\n","protected":false},"featured_media":64141,"template":"","meta":{"_acf_changed":false,"_monsterinsights_skip_tracking":false,"_monsterinsights_sitenote_active":false,"_monsterinsights_sitenote_note":"","_monsterinsights_sitenote_category":0},"product_brand":[],"product_cat":[],"product_tag":[],"class_list":{"0":"post-65154","1":"product","2":"type-product","3":"status-publish","4":"has-post-thumbnail","7":"first","8":"outofstock","9":"sale","10":"shipping-taxable","11":"purchasable","12":"product-type-simple"},"acf":[],"aioseo_notices":[],"_links":{"self":[{"href":"https:\/\/renovator.shop\/en\/wp-json\/wp\/v2\/product\/65154","targetHints":{"allow":["GET"]}}],"collection":[{"href":"https:\/\/renovator.shop\/en\/wp-json\/wp\/v2\/product"}],"about":[{"href":"https:\/\/renovator.shop\/en\/wp-json\/wp\/v2\/types\/product"}],"wp:featuredmedia":[{"embeddable":true,"href":"https:\/\/renovator.shop\/en\/wp-json\/wp\/v2\/media\/64141"}],"wp:attachment":[{"href":"https:\/\/renovator.shop\/en\/wp-json\/wp\/v2\/media?parent=65154"}],"wp:term":[{"taxonomy":"product_brand","embeddable":true,"href":"https:\/\/renovator.shop\/en\/wp-json\/wp\/v2\/product_brand?post=65154"},{"taxonomy":"product_cat","embeddable":true,"href":"https:\/\/renovator.shop\/en\/wp-json\/wp\/v2\/product_cat?post=65154"},{"taxonomy":"product_tag","embeddable":true,"href":"https:\/\/renovator.shop\/en\/wp-json\/wp\/v2\/product_tag?post=65154"}],"curies":[{"name":"wp","href":"https:\/\/api.w.org\/{rel}","templated":true}]}}