{"id":97742,"date":"2025-09-03T06:29:57","date_gmt":"2025-09-03T06:29:57","guid":{"rendered":"https:\/\/renovator.shop\/?post_type=product&#038;p=97742"},"modified":"2025-09-03T06:33:56","modified_gmt":"2025-09-03T06:33:56","slug":"model-300-192-armchair-by-juliusz-kedziorek-for-goscinska-furniture-factory-poland-1970s","status":"publish","type":"product","link":"https:\/\/renovator.shop\/en\/produkt\/model-300-192-armchair-by-juliusz-kedziorek-for-goscinska-furniture-factory-poland-1970s\/","title":{"rendered":"Model 300-192 Armchair by Juliusz Kedziorek for Goscinska Furniture Factory, Poland, 1970s"},"content":{"rendered":"","protected":false},"excerpt":{"rendered":"<p>Armchair Type 300-192 designed by Juliusz K\u0119dziorek for Go\u015bcici\u0144ska Furniture Factory in Poland on the early 1970s.<br \/>\nThe armchair have undergone professional carpentry and upholstery renovation. The beech wood was cleaned of the old surface, painted with an rosewood stain, and finished with a strong semi-matt varnish. The foams have been replaced to newand upholstered with typ corduroy high-quality green fabric.<\/p>\n","protected":false},"featured_media":96916,"template":"","meta":{"_acf_changed":false,"_monsterinsights_skip_tracking":false,"_monsterinsights_sitenote_active":false,"_monsterinsights_sitenote_note":"","_monsterinsights_sitenote_category":0},"product_brand":[],"product_cat":[94,93],"product_tag":[],"class_list":{"0":"post-97742","1":"product","2":"type-product","3":"status-publish","4":"has-post-thumbnail","6":"product_cat-armchairs","7":"product_cat-chairs-en","8":"product_shipping_class-kw2-en","10":"first","11":"instock","12":"shipping-taxable","13":"purchasable","14":"product-type-simple"},"acf":[],"aioseo_notices":[],"_links":{"self":[{"href":"https:\/\/renovator.shop\/en\/wp-json\/wp\/v2\/product\/97742","targetHints":{"allow":["GET"]}}],"collection":[{"href":"https:\/\/renovator.shop\/en\/wp-json\/wp\/v2\/product"}],"about":[{"href":"https:\/\/renovator.shop\/en\/wp-json\/wp\/v2\/types\/product"}],"wp:featuredmedia":[{"embeddable":true,"href":"https:\/\/renovator.shop\/en\/wp-json\/wp\/v2\/media\/96916"}],"wp:attachment":[{"href":"https:\/\/renovator.shop\/en\/wp-json\/wp\/v2\/media?parent=97742"}],"wp:term":[{"taxonomy":"product_brand","embeddable":true,"href":"https:\/\/renovator.shop\/en\/wp-json\/wp\/v2\/product_brand?post=97742"},{"taxonomy":"product_cat","embeddable":true,"href":"https:\/\/renovator.shop\/en\/wp-json\/wp\/v2\/product_cat?post=97742"},{"taxonomy":"product_tag","embeddable":true,"href":"https:\/\/renovator.shop\/en\/wp-json\/wp\/v2\/product_tag?post=97742"}],"curies":[{"name":"wp","href":"https:\/\/api.w.org\/{rel}","templated":true}]}}